{"id":18,"date":"2025-12-13T21:23:07","date_gmt":"2025-12-13T21:23:07","guid":{"rendered":"https:\/\/lovestory.live\/?page_id=18"},"modified":"2025-12-16T20:33:35","modified_gmt":"2025-12-16T20:33:35","slug":"lara","status":"publish","type":"page","link":"https:\/\/lovestory.live\/?page_id=18","title":{"rendered":"LARA"},"content":{"rendered":"\n<figure class=\"wp-block-image size-large\"><img loading=\"lazy\" decoding=\"async\" width=\"536\" height=\"1024\" src=\"https:\/\/lovestory.live\/wp-content\/uploads\/2025\/12\/IMG-20251216-WA0059-536x1024.jpg\" alt=\"\" class=\"wp-image-108\" srcset=\"https:\/\/lovestory.live\/wp-content\/uploads\/2025\/12\/IMG-20251216-WA0059-536x1024.jpg 536w, https:\/\/lovestory.live\/wp-content\/uploads\/2025\/12\/IMG-20251216-WA0059-157x300.jpg 157w, https:\/\/lovestory.live\/wp-content\/uploads\/2025\/12\/IMG-20251216-WA0059-508x970.jpg 508w, https:\/\/lovestory.live\/wp-content\/uploads\/2025\/12\/IMG-20251216-WA0059.jpg 704w\" sizes=\"auto, (max-width: 536px) 100vw, 536px\" \/><\/figure>\n\n\n\n<p>Pikante Abenteuer und ausgefallene Dessous entfachen ihre gl\u00fchende Leidenschaft f\u00fcr scharfe Erotik. Lara hat ein unstillbares Verlangen nach gemeinsamem Spa\u00df und verf\u00fchrt mit Freude zu hemmungslosem Sex.<\/p>\n\n\n\n<p>Alter: 29 Jahre <\/p>\n\n\n\n<p>Gr\u00f6\u00dfe: 1,67 <\/p>\n\n\n\n<p>Oberweite: A  <\/p>\n\n\n\n<p>Konfektion: 36 <\/p>\n\n\n\n<p>Herkunft: Lettland<\/p>\n\n\n\n<figure class=\"wp-block-gallery has-nested-images columns-default is-cropped wp-block-gallery-1 is-layout-flex wp-block-gallery-is-layout-flex\">\n<figure class=\"wp-block-image size-large\"><img loading=\"lazy\" decoding=\"async\" width=\"896\" height=\"1024\" data-id=\"110\" src=\"https:\/\/lovestory.live\/wp-content\/uploads\/2025\/12\/IMG-20251216-WA0056.jpg\" alt=\"\" class=\"wp-image-110\" srcset=\"https:\/\/lovestory.live\/wp-content\/uploads\/2025\/12\/IMG-20251216-WA0056.jpg 896w, https:\/\/lovestory.live\/wp-content\/uploads\/2025\/12\/IMG-20251216-WA0056-263x300.jpg 263w, https:\/\/lovestory.live\/wp-content\/uploads\/2025\/12\/IMG-20251216-WA0056-768x878.jpg 768w, https:\/\/lovestory.live\/wp-content\/uploads\/2025\/12\/IMG-20251216-WA0056-508x581.jpg 508w\" sizes=\"auto, (max-width: 896px) 100vw, 896px\" \/><\/figure>\n\n\n\n<figure class=\"wp-block-image size-large\"><img loading=\"lazy\" decoding=\"async\" width=\"536\" height=\"1024\" data-id=\"111\" src=\"https:\/\/lovestory.live\/wp-content\/uploads\/2025\/12\/IMG-20251216-WA0057-536x1024.jpg\" alt=\"\" class=\"wp-image-111\" srcset=\"https:\/\/lovestory.live\/wp-content\/uploads\/2025\/12\/IMG-20251216-WA0057-536x1024.jpg 536w, https:\/\/lovestory.live\/wp-content\/uploads\/2025\/12\/IMG-20251216-WA0057-157x300.jpg 157w, https:\/\/lovestory.live\/wp-content\/uploads\/2025\/12\/IMG-20251216-WA0057-508x970.jpg 508w, https:\/\/lovestory.live\/wp-content\/uploads\/2025\/12\/IMG-20251216-WA0057.jpg 704w\" sizes=\"auto, (max-width: 536px) 100vw, 536px\" \/><\/figure>\n\n\n\n<figure class=\"wp-block-image size-large\"><img loading=\"lazy\" decoding=\"async\" width=\"576\" height=\"1024\" data-id=\"113\" src=\"https:\/\/lovestory.live\/wp-content\/uploads\/2025\/12\/IMG-20251216-WA0058-576x1024.jpg\" alt=\"\" class=\"wp-image-113\" srcset=\"https:\/\/lovestory.live\/wp-content\/uploads\/2025\/12\/IMG-20251216-WA0058-576x1024.jpg 576w, https:\/\/lovestory.live\/wp-content\/uploads\/2025\/12\/IMG-20251216-WA0058-169x300.jpg 169w, https:\/\/lovestory.live\/wp-content\/uploads\/2025\/12\/IMG-20251216-WA0058-768x1366.jpg 768w, https:\/\/lovestory.live\/wp-content\/uploads\/2025\/12\/IMG-20251216-WA0058-864x1536.jpg 864w, https:\/\/lovestory.live\/wp-content\/uploads\/2025\/12\/IMG-20251216-WA0058-508x904.jpg 508w, https:\/\/lovestory.live\/wp-content\/uploads\/2025\/12\/IMG-20251216-WA0058.jpg 899w\" sizes=\"auto, (max-width: 576px) 100vw, 576px\" \/><\/figure>\n\n\n\n<figure class=\"wp-block-image size-large\"><img loading=\"lazy\" decoding=\"async\" width=\"576\" height=\"1024\" data-id=\"114\" src=\"https:\/\/lovestory.live\/wp-content\/uploads\/2025\/12\/IMG-20251216-WA0060-576x1024.jpg\" alt=\"\" class=\"wp-image-114\" srcset=\"https:\/\/lovestory.live\/wp-content\/uploads\/2025\/12\/IMG-20251216-WA0060-576x1024.jpg 576w, https:\/\/lovestory.live\/wp-content\/uploads\/2025\/12\/IMG-20251216-WA0060-169x300.jpg 169w, https:\/\/lovestory.live\/wp-content\/uploads\/2025\/12\/IMG-20251216-WA0060-768x1366.jpg 768w, https:\/\/lovestory.live\/wp-content\/uploads\/2025\/12\/IMG-20251216-WA0060-864x1536.jpg 864w, https:\/\/lovestory.live\/wp-content\/uploads\/2025\/12\/IMG-20251216-WA0060-508x903.jpg 508w, https:\/\/lovestory.live\/wp-content\/uploads\/2025\/12\/IMG-20251216-WA0060.jpg 1024w\" sizes=\"auto, (max-width: 576px) 100vw, 576px\" \/><\/figure>\n\n\n\n<figure class=\"wp-block-image size-large\"><img loading=\"lazy\" decoding=\"async\" width=\"768\" height=\"1024\" data-id=\"115\" src=\"https:\/\/lovestory.live\/wp-content\/uploads\/2025\/12\/IMG-20251216-WA0061-768x1024.jpg\" alt=\"\" class=\"wp-image-115\" srcset=\"https:\/\/lovestory.live\/wp-content\/uploads\/2025\/12\/IMG-20251216-WA0061-768x1024.jpg 768w, https:\/\/lovestory.live\/wp-content\/uploads\/2025\/12\/IMG-20251216-WA0061-225x300.jpg 225w, https:\/\/lovestory.live\/wp-content\/uploads\/2025\/12\/IMG-20251216-WA0061-508x677.jpg 508w, https:\/\/lovestory.live\/wp-content\/uploads\/2025\/12\/IMG-20251216-WA0061.jpg 1024w\" sizes=\"auto, (max-width: 768px) 100vw, 768px\" \/><\/figure>\n\n\n\n<figure class=\"wp-block-image size-large\"><img loading=\"lazy\" decoding=\"async\" width=\"896\" height=\"1024\" data-id=\"109\" src=\"https:\/\/lovestory.live\/wp-content\/uploads\/2025\/12\/IMG-20251216-WA0055-896x1024.jpg\" alt=\"\" class=\"wp-image-109\" srcset=\"https:\/\/lovestory.live\/wp-content\/uploads\/2025\/12\/IMG-20251216-WA0055-896x1024.jpg 896w, https:\/\/lovestory.live\/wp-content\/uploads\/2025\/12\/IMG-20251216-WA0055-263x300.jpg 263w, https:\/\/lovestory.live\/wp-content\/uploads\/2025\/12\/IMG-20251216-WA0055-768x878.jpg 768w, https:\/\/lovestory.live\/wp-content\/uploads\/2025\/12\/IMG-20251216-WA0055-508x581.jpg 508w, https:\/\/lovestory.live\/wp-content\/uploads\/2025\/12\/IMG-20251216-WA0055.jpg 1120w\" sizes=\"auto, (max-width: 896px) 100vw, 896px\" \/><\/figure>\n\n\n\n<figure class=\"wp-block-image size-large\"><img loading=\"lazy\" decoding=\"async\" width=\"1024\" height=\"640\" data-id=\"14\" src=\"https:\/\/lovestory.live\/wp-content\/uploads\/2025\/12\/cropped-Bildschirmfoto-2025-11-28-um-17.28.57-1024x640.png\" alt=\"\" class=\"wp-image-14\" srcset=\"https:\/\/lovestory.live\/wp-content\/uploads\/2025\/12\/cropped-Bildschirmfoto-2025-11-28-um-17.28.57-1024x640.png 1024w, https:\/\/lovestory.live\/wp-content\/uploads\/2025\/12\/cropped-Bildschirmfoto-2025-11-28-um-17.28.57-300x188.png 300w, https:\/\/lovestory.live\/wp-content\/uploads\/2025\/12\/cropped-Bildschirmfoto-2025-11-28-um-17.28.57-768x480.png 768w, https:\/\/lovestory.live\/wp-content\/uploads\/2025\/12\/cropped-Bildschirmfoto-2025-11-28-um-17.28.57-1240x775.png 1240w, https:\/\/lovestory.live\/wp-content\/uploads\/2025\/12\/cropped-Bildschirmfoto-2025-11-28-um-17.28.57-508x318.png 508w, https:\/\/lovestory.live\/wp-content\/uploads\/2025\/12\/cropped-Bildschirmfoto-2025-11-28-um-17.28.57.png 1440w\" sizes=\"auto, (max-width: 1024px) 100vw, 1024px\" \/><\/figure>\n\n\n\n<figure class=\"wp-block-image size-large\"><img loading=\"lazy\" decoding=\"async\" width=\"552\" height=\"1024\" data-id=\"12\" src=\"https:\/\/lovestory.live\/wp-content\/uploads\/2025\/12\/Bildschirmfoto-2025-11-28-um-17.29.53-552x1024.png\" alt=\"\" class=\"wp-image-12\" srcset=\"https:\/\/lovestory.live\/wp-content\/uploads\/2025\/12\/Bildschirmfoto-2025-11-28-um-17.29.53-552x1024.png 552w, https:\/\/lovestory.live\/wp-content\/uploads\/2025\/12\/Bildschirmfoto-2025-11-28-um-17.29.53-162x300.png 162w, https:\/\/lovestory.live\/wp-content\/uploads\/2025\/12\/Bildschirmfoto-2025-11-28-um-17.29.53-768x1425.png 768w, https:\/\/lovestory.live\/wp-content\/uploads\/2025\/12\/Bildschirmfoto-2025-11-28-um-17.29.53-828x1536.png 828w, https:\/\/lovestory.live\/wp-content\/uploads\/2025\/12\/Bildschirmfoto-2025-11-28-um-17.29.53.png 856w\" sizes=\"auto, (max-width: 552px) 100vw, 552px\" \/><\/figure>\n\n\n\n<figure class=\"wp-block-image size-large\"><img loading=\"lazy\" decoding=\"async\" width=\"524\" height=\"836\" data-id=\"11\" src=\"https:\/\/lovestory.live\/wp-content\/uploads\/2025\/12\/Bildschirmfoto-2025-11-28-um-17.29.34.png\" alt=\"\" class=\"wp-image-11\" srcset=\"https:\/\/lovestory.live\/wp-content\/uploads\/2025\/12\/Bildschirmfoto-2025-11-28-um-17.29.34.png 524w, https:\/\/lovestory.live\/wp-content\/uploads\/2025\/12\/Bildschirmfoto-2025-11-28-um-17.29.34-188x300.png 188w\" sizes=\"auto, (max-width: 524px) 100vw, 524px\" \/><\/figure>\n\n\n\n<figure class=\"wp-block-image size-large\"><img loading=\"lazy\" decoding=\"async\" width=\"490\" height=\"1024\" data-id=\"10\" src=\"https:\/\/lovestory.live\/wp-content\/uploads\/2025\/12\/Bildschirmfoto-2025-11-28-um-17.29.16-490x1024.png\" alt=\"\" class=\"wp-image-10\" srcset=\"https:\/\/lovestory.live\/wp-content\/uploads\/2025\/12\/Bildschirmfoto-2025-11-28-um-17.29.16-490x1024.png 490w, https:\/\/lovestory.live\/wp-content\/uploads\/2025\/12\/Bildschirmfoto-2025-11-28-um-17.29.16-144x300.png 144w, https:\/\/lovestory.live\/wp-content\/uploads\/2025\/12\/Bildschirmfoto-2025-11-28-um-17.29.16.png 602w\" sizes=\"auto, (max-width: 490px) 100vw, 490px\" \/><\/figure>\n\n\n\n<figure class=\"wp-block-image size-large\"><img loading=\"lazy\" decoding=\"async\" width=\"706\" height=\"1024\" data-id=\"9\" src=\"https:\/\/lovestory.live\/wp-content\/uploads\/2025\/12\/Bildschirmfoto-2025-11-28-um-17.28.57-706x1024.png\" alt=\"\" class=\"wp-image-9\" srcset=\"https:\/\/lovestory.live\/wp-content\/uploads\/2025\/12\/Bildschirmfoto-2025-11-28-um-17.28.57-706x1024.png 706w, https:\/\/lovestory.live\/wp-content\/uploads\/2025\/12\/Bildschirmfoto-2025-11-28-um-17.28.57-207x300.png 207w, https:\/\/lovestory.live\/wp-content\/uploads\/2025\/12\/Bildschirmfoto-2025-11-28-um-17.28.57-768x1114.png 768w, https:\/\/lovestory.live\/wp-content\/uploads\/2025\/12\/Bildschirmfoto-2025-11-28-um-17.28.57-1059x1536.png 1059w, https:\/\/lovestory.live\/wp-content\/uploads\/2025\/12\/Bildschirmfoto-2025-11-28-um-17.28.57.png 1078w\" sizes=\"auto, (max-width: 706px) 100vw, 706px\" \/><\/figure>\n\n\n\n<figure class=\"wp-block-image size-large\"><img loading=\"lazy\" decoding=\"async\" width=\"681\" height=\"1024\" data-id=\"8\" src=\"https:\/\/lovestory.live\/wp-content\/uploads\/2025\/12\/Bildschirmfoto-2025-11-28-um-17.28.41-681x1024.png\" alt=\"\" class=\"wp-image-8\" srcset=\"https:\/\/lovestory.live\/wp-content\/uploads\/2025\/12\/Bildschirmfoto-2025-11-28-um-17.28.41-681x1024.png 681w, https:\/\/lovestory.live\/wp-content\/uploads\/2025\/12\/Bildschirmfoto-2025-11-28-um-17.28.41-199x300.png 199w, https:\/\/lovestory.live\/wp-content\/uploads\/2025\/12\/Bildschirmfoto-2025-11-28-um-17.28.41-768x1155.png 768w, https:\/\/lovestory.live\/wp-content\/uploads\/2025\/12\/Bildschirmfoto-2025-11-28-um-17.28.41.png 972w\" sizes=\"auto, (max-width: 681px) 100vw, 681px\" \/><\/figure>\n\n\n\n<figure class=\"wp-block-image size-large\"><img loading=\"lazy\" decoding=\"async\" width=\"634\" height=\"1024\" data-id=\"7\" src=\"https:\/\/lovestory.live\/wp-content\/uploads\/2025\/12\/Bildschirmfoto-2025-11-28-um-17.28.26-634x1024.png\" alt=\"\" class=\"wp-image-7\" srcset=\"https:\/\/lovestory.live\/wp-content\/uploads\/2025\/12\/Bildschirmfoto-2025-11-28-um-17.28.26-634x1024.png 634w, https:\/\/lovestory.live\/wp-content\/uploads\/2025\/12\/Bildschirmfoto-2025-11-28-um-17.28.26-186x300.png 186w, https:\/\/lovestory.live\/wp-content\/uploads\/2025\/12\/Bildschirmfoto-2025-11-28-um-17.28.26-768x1240.png 768w, https:\/\/lovestory.live\/wp-content\/uploads\/2025\/12\/Bildschirmfoto-2025-11-28-um-17.28.26-951x1536.png 951w, https:\/\/lovestory.live\/wp-content\/uploads\/2025\/12\/Bildschirmfoto-2025-11-28-um-17.28.26.png 972w\" sizes=\"auto, (max-width: 634px) 100vw, 634px\" \/><\/figure>\n<\/figure>\n\n\n\n<figure class=\"wp-block-video\"><video height=\"848\" style=\"aspect-ratio: 476 \/ 848;\" width=\"476\" controls src=\"https:\/\/lovestory.live\/wp-content\/uploads\/2025\/12\/VID-20250403-WA0068.mp4\"><\/video><\/figure>\n\n\n\n<ul class=\"wp-block-social-links is-layout-flex wp-block-social-links-is-layout-flex\"><li class=\"wp-social-link wp-social-link-whatsapp  wp-block-social-link\"><a href=\"https:\/\/wa.me\/491638927863\" class=\"wp-block-social-link-anchor\"><svg width=\"24\" height=\"24\" viewBox=\"0 0 24 24\" version=\"1.1\" xmlns=\"http:\/\/www.w3.org\/2000\/svg\" aria-hidden=\"true\" focusable=\"false\"><path d=\"M 12.011719 2 C 6.5057187 2 2.0234844 6.478375 2.0214844 11.984375 C 2.0204844 13.744375 2.4814687 15.462563 3.3554688 16.976562 L 2 22 L 7.2324219 20.763672 C 8.6914219 21.559672 10.333859 21.977516 12.005859 21.978516 L 12.009766 21.978516 C 17.514766 21.978516 21.995047 17.499141 21.998047 11.994141 C 22.000047 9.3251406 20.962172 6.8157344 19.076172 4.9277344 C 17.190172 3.0407344 14.683719 2.001 12.011719 2 z M 12.009766 4 C 14.145766 4.001 16.153109 4.8337969 17.662109 6.3417969 C 19.171109 7.8517969 20.000047 9.8581875 19.998047 11.992188 C 19.996047 16.396187 16.413812 19.978516 12.007812 19.978516 C 10.674812 19.977516 9.3544062 19.642812 8.1914062 19.007812 L 7.5175781 18.640625 L 6.7734375 18.816406 L 4.8046875 19.28125 L 5.2851562 17.496094 L 5.5019531 16.695312 L 5.0878906 15.976562 C 4.3898906 14.768562 4.0204844 13.387375 4.0214844 11.984375 C 4.0234844 7.582375 7.6067656 4 12.009766 4 z M 8.4765625 7.375 C 8.3095625 7.375 8.0395469 7.4375 7.8105469 7.6875 C 7.5815469 7.9365 6.9355469 8.5395781 6.9355469 9.7675781 C 6.9355469 10.995578 7.8300781 12.182609 7.9550781 12.349609 C 8.0790781 12.515609 9.68175 15.115234 12.21875 16.115234 C 14.32675 16.946234 14.754891 16.782234 15.212891 16.740234 C 15.670891 16.699234 16.690438 16.137687 16.898438 15.554688 C 17.106437 14.971687 17.106922 14.470187 17.044922 14.367188 C 16.982922 14.263188 16.816406 14.201172 16.566406 14.076172 C 16.317406 13.951172 15.090328 13.348625 14.861328 13.265625 C 14.632328 13.182625 14.464828 13.140625 14.298828 13.390625 C 14.132828 13.640625 13.655766 14.201187 13.509766 14.367188 C 13.363766 14.534188 13.21875 14.556641 12.96875 14.431641 C 12.71875 14.305641 11.914938 14.041406 10.960938 13.191406 C 10.218937 12.530406 9.7182656 11.714844 9.5722656 11.464844 C 9.4272656 11.215844 9.5585938 11.079078 9.6835938 10.955078 C 9.7955938 10.843078 9.9316406 10.663578 10.056641 10.517578 C 10.180641 10.371578 10.223641 10.267562 10.306641 10.101562 C 10.389641 9.9355625 10.347156 9.7890625 10.285156 9.6640625 C 10.223156 9.5390625 9.737625 8.3065 9.515625 7.8125 C 9.328625 7.3975 9.131125 7.3878594 8.953125 7.3808594 C 8.808125 7.3748594 8.6425625 7.375 8.4765625 7.375 z\"><\/path><\/svg><span class=\"wp-block-social-link-label screen-reader-text\">WhatsApp<\/span><\/a><\/li>\n\n<\/ul>\n\n\n\t<div id=\"respond\" class=\"comment-respond wp-block-post-comments-form\">\n\t\t<h3 id=\"reply-title\" class=\"comment-reply-title\">Leave a Reply <small><a rel=\"nofollow\" id=\"cancel-comment-reply-link\" href=\"\/index.php?rest_route=%2Fwp%2Fv2%2Fpages%2F18#respond\" style=\"display:none;\">Cancel reply<\/a><\/small><\/h3><form action=\"https:\/\/lovestory.live\/wp-comments-post.php\" method=\"post\" id=\"commentform\" class=\"comment-form\"><p class=\"comment-notes\"><span id=\"email-notes\">Your email address will not be published.<\/span> <span class=\"required-field-message\">Required fields are marked <span class=\"required\">*<\/span><\/span><\/p><p class=\"comment-form-comment\"><label for=\"comment\">Comment <span class=\"required\">*<\/span><\/label> <textarea id=\"comment\" name=\"comment\" cols=\"45\" rows=\"8\" maxlength=\"65525\" required=\"required\"><\/textarea><\/p><p class=\"comment-form-author\"><label for=\"author\">Name<\/label> <input id=\"author\" name=\"author\" type=\"text\" value=\"\" size=\"30\" maxlength=\"245\" autocomplete=\"name\" \/><\/p>\n<p class=\"comment-form-email\"><label for=\"email\">Email<\/label> <input id=\"email\" name=\"email\" type=\"text\" value=\"\" size=\"30\" maxlength=\"100\" aria-describedby=\"email-notes\" autocomplete=\"email\" \/><\/p>\n<p class=\"comment-form-url\"><label for=\"url\">Website<\/label> <input id=\"url\" name=\"url\" type=\"text\" value=\"\" size=\"30\" maxlength=\"200\" autocomplete=\"url\" \/><\/p>\n<p class=\"comment-form-cookies-consent\"><input id=\"wp-comment-cookies-consent\" name=\"wp-comment-cookies-consent\" type=\"checkbox\" value=\"yes\" \/> <label for=\"wp-comment-cookies-consent\">Save my name, email, and website in this browser for the next time I comment.<\/label><\/p>\n<p class=\"form-submit\"><input name=\"submit\" type=\"submit\" id=\"submit\" class=\"submit\" value=\"Post Comment\" \/> <input type='hidden' name='comment_post_ID' value='18' id='comment_post_ID' \/>\n<input type='hidden' name='comment_parent' id='comment_parent' value='0' \/>\n<\/p><\/form>\t<\/div><!-- #respond -->\n\t\n\n\n<div class=\"wp-block-comments\"><h2 id=\"comments\" class=\"wp-block-comments-title\">One response to &#8220;LARA&#8221;<\/h2>\n\n<ol class=\"wp-block-comment-template\"><li id=\"comment-2\" class=\"comment byuser comment-author-eliasartista bypostauthor even thread-even depth-1\">\n\n<div class=\"wp-block-columns is-layout-flex wp-container-core-columns-is-layout-9d6595d7 wp-block-columns-is-layout-flex\">\n<div class=\"wp-block-column is-layout-flow wp-block-column-is-layout-flow\" style=\"flex-basis:40px\"><div class=\"wp-block-avatar\"><img alt='Martin Avatar' src='https:\/\/secure.gravatar.com\/avatar\/a8caccfdc7a2d3602d3e96fdf59f436c36d7c53b947d516f51f0c6644ccba79e?s=40&#038;d=mm&#038;r=g' srcset='https:\/\/secure.gravatar.com\/avatar\/a8caccfdc7a2d3602d3e96fdf59f436c36d7c53b947d516f51f0c6644ccba79e?s=80&#038;d=mm&#038;r=g 2x' class='avatar avatar-40 photo wp-block-avatar__image' height='40' width='40'  style=\"border-radius:20px;\"\/><\/div><\/div>\n\n\n\n<div class=\"wp-block-column is-layout-flow wp-block-column-is-layout-flow\"><div class=\"wp-block-comment-author-name has-small-font-size\"><a rel=\"external nofollow ugc\" href=\"https:\/\/lovestory.live\" target=\"_self\" >Martin<\/a><\/div>\n\n\n<div class=\"wp-block-group is-layout-flex wp-block-group-is-layout-flex\" style=\"margin-top:0px;margin-bottom:0px\"><div class=\"wp-block-comment-date has-small-font-size\"><time datetime=\"2025-12-13T21:43:20+00:00\"><a href=\"https:\/\/lovestory.live\/?page_id=18#comment-2\">December 13, 2025<\/a><\/time><\/div>\n\n<\/div>\n\n\n<div class=\"wp-block-comment-content\"><p>Lara eine der Top Liga Girls im Haus.<br \/>\nHatte wieder ne tolle Stunde bei ihr.<br \/>\nGF6 vom feinsten und sehr geiler Sex.<\/p>\n<p>Danke Dir Lara und auch der Adresse.<br \/>\nDer Termin war super!<\/p>\n<\/div><\/div>\n<\/div>\n\n<\/li><\/ol><\/div>\n","protected":false},"excerpt":{"rendered":"<p>Pikante Abenteuer und ausgefallene Dessous entfachen ihre gl\u00fchende Leidenschaft f\u00fcr scharfe Erotik. Lara hat ein unstillbares Verlangen nach gemeinsamem Spa\u00df und verf\u00fchrt mit Freude zu hemmungslosem Sex. Alter: 29 Jahre Gr\u00f6\u00dfe: 1,67 Oberweite: A Konfektion: 36 Herkunft: Lettland<\/p>\n","protected":false},"author":1,"featured_media":0,"parent":0,"menu_order":0,"comment_status":"open","ping_status":"closed","template":"","meta":{"footnotes":""},"class_list":["post-18","page","type-page","status-publish","hentry"],"_links":{"self":[{"href":"https:\/\/lovestory.live\/index.php?rest_route=\/wp\/v2\/pages\/18","targetHints":{"allow":["GET"]}}],"collection":[{"href":"https:\/\/lovestory.live\/index.php?rest_route=\/wp\/v2\/pages"}],"about":[{"href":"https:\/\/lovestory.live\/index.php?rest_route=\/wp\/v2\/types\/page"}],"author":[{"embeddable":true,"href":"https:\/\/lovestory.live\/index.php?rest_route=\/wp\/v2\/users\/1"}],"replies":[{"embeddable":true,"href":"https:\/\/lovestory.live\/index.php?rest_route=%2Fwp%2Fv2%2Fcomments&post=18"}],"version-history":[{"count":5,"href":"https:\/\/lovestory.live\/index.php?rest_route=\/wp\/v2\/pages\/18\/revisions"}],"predecessor-version":[{"id":136,"href":"https:\/\/lovestory.live\/index.php?rest_route=\/wp\/v2\/pages\/18\/revisions\/136"}],"wp:attachment":[{"href":"https:\/\/lovestory.live\/index.php?rest_route=%2Fwp%2Fv2%2Fmedia&parent=18"}],"curies":[{"name":"wp","href":"https:\/\/api.w.org\/{rel}","templated":true}]}}