{"id":592,"date":"2026-04-08T12:16:52","date_gmt":"2026-04-08T12:16:52","guid":{"rendered":"https:\/\/lovestory.live\/?page_id=592"},"modified":"2026-04-08T12:16:52","modified_gmt":"2026-04-08T12:16:52","slug":"vanessa","status":"publish","type":"page","link":"https:\/\/lovestory.live\/?page_id=592","title":{"rendered":"VANESSA"},"content":{"rendered":"\n<figure class=\"wp-block-image size-large\"><img loading=\"lazy\" decoding=\"async\" width=\"1024\" height=\"683\" src=\"https:\/\/lovestory.live\/wp-content\/uploads\/2026\/04\/0acea5c0-1478-497a-a4d1-6d7b98b48f6c-1-1024x683.jpg\" alt=\"\" class=\"wp-image-594\" srcset=\"https:\/\/lovestory.live\/wp-content\/uploads\/2026\/04\/0acea5c0-1478-497a-a4d1-6d7b98b48f6c-1-1024x683.jpg 1024w, https:\/\/lovestory.live\/wp-content\/uploads\/2026\/04\/0acea5c0-1478-497a-a4d1-6d7b98b48f6c-1-300x200.jpg 300w, https:\/\/lovestory.live\/wp-content\/uploads\/2026\/04\/0acea5c0-1478-497a-a4d1-6d7b98b48f6c-1-768x512.jpg 768w, https:\/\/lovestory.live\/wp-content\/uploads\/2026\/04\/0acea5c0-1478-497a-a4d1-6d7b98b48f6c-1-1536x1024.jpg 1536w, https:\/\/lovestory.live\/wp-content\/uploads\/2026\/04\/0acea5c0-1478-497a-a4d1-6d7b98b48f6c-1-1240x827.jpg 1240w, https:\/\/lovestory.live\/wp-content\/uploads\/2026\/04\/0acea5c0-1478-497a-a4d1-6d7b98b48f6c-1-508x339.jpg 508w, https:\/\/lovestory.live\/wp-content\/uploads\/2026\/04\/0acea5c0-1478-497a-a4d1-6d7b98b48f6c-1.jpg 1648w\" sizes=\"auto, (max-width: 1024px) 100vw, 1024px\" \/><\/figure>\n\n\n\n<p>Vanessa<br>\u00dcber frivole Komplimente am Badestrand freut sich diese hei\u00dfe Blondine immer selbstbewusst mit einem charmanten L\u00e4cheln. Vanessa massiert voller Leidenschaft und Hingabe, w\u00e4hrend sie gespannt jede Regung beobachtet und die Lust genie\u00dft.<\/p>\n\n\n\n<p>Alter: 35 Jahre<br>Gr\u00f6\u00dfe: 1,65<br>Oberweite: 60A<br>Konfektion: 32<br>Herkunft: Lettland<\/p>\n\n\n\n<p>Vanessa Massagen: Body to Body, Lingam, Nuru Gel, Tantra<\/p>\n\n\n\n<figure class=\"wp-block-gallery has-nested-images columns-default is-cropped wp-block-gallery-1 is-layout-flex wp-block-gallery-is-layout-flex\">\n<figure class=\"wp-block-image size-large\"><img loading=\"lazy\" decoding=\"async\" width=\"607\" height=\"1024\" data-id=\"595\" src=\"https:\/\/lovestory.live\/wp-content\/uploads\/2026\/04\/4df6d75d-2409-4a9a-b0a2-c8c35733b995-607x1024.jpg\" alt=\"\" class=\"wp-image-595\" srcset=\"https:\/\/lovestory.live\/wp-content\/uploads\/2026\/04\/4df6d75d-2409-4a9a-b0a2-c8c35733b995-607x1024.jpg 607w, https:\/\/lovestory.live\/wp-content\/uploads\/2026\/04\/4df6d75d-2409-4a9a-b0a2-c8c35733b995-178x300.jpg 178w, https:\/\/lovestory.live\/wp-content\/uploads\/2026\/04\/4df6d75d-2409-4a9a-b0a2-c8c35733b995-768x1296.jpg 768w, https:\/\/lovestory.live\/wp-content\/uploads\/2026\/04\/4df6d75d-2409-4a9a-b0a2-c8c35733b995-508x857.jpg 508w, https:\/\/lovestory.live\/wp-content\/uploads\/2026\/04\/4df6d75d-2409-4a9a-b0a2-c8c35733b995.jpg 857w\" sizes=\"auto, (max-width: 607px) 100vw, 607px\" \/><\/figure>\n\n\n\n<figure class=\"wp-block-image size-large\"><img loading=\"lazy\" decoding=\"async\" width=\"682\" height=\"1024\" data-id=\"596\" src=\"https:\/\/lovestory.live\/wp-content\/uploads\/2026\/04\/43363b40-37da-453e-98ad-4eded61c433e-682x1024.jpg\" alt=\"\" class=\"wp-image-596\" srcset=\"https:\/\/lovestory.live\/wp-content\/uploads\/2026\/04\/43363b40-37da-453e-98ad-4eded61c433e-682x1024.jpg 682w, https:\/\/lovestory.live\/wp-content\/uploads\/2026\/04\/43363b40-37da-453e-98ad-4eded61c433e-200x300.jpg 200w, https:\/\/lovestory.live\/wp-content\/uploads\/2026\/04\/43363b40-37da-453e-98ad-4eded61c433e-768x1153.jpg 768w, https:\/\/lovestory.live\/wp-content\/uploads\/2026\/04\/43363b40-37da-453e-98ad-4eded61c433e-1023x1536.jpg 1023w, https:\/\/lovestory.live\/wp-content\/uploads\/2026\/04\/43363b40-37da-453e-98ad-4eded61c433e-508x762.jpg 508w, https:\/\/lovestory.live\/wp-content\/uploads\/2026\/04\/43363b40-37da-453e-98ad-4eded61c433e.jpg 1066w\" sizes=\"auto, (max-width: 682px) 100vw, 682px\" \/><\/figure>\n\n\n\n<figure class=\"wp-block-image size-large\"><img loading=\"lazy\" decoding=\"async\" width=\"683\" height=\"1024\" data-id=\"597\" src=\"https:\/\/lovestory.live\/wp-content\/uploads\/2026\/04\/b2f0e864-7ad7-48fe-b053-e25c86346c64-683x1024.jpg\" alt=\"\" class=\"wp-image-597\" srcset=\"https:\/\/lovestory.live\/wp-content\/uploads\/2026\/04\/b2f0e864-7ad7-48fe-b053-e25c86346c64-683x1024.jpg 683w, https:\/\/lovestory.live\/wp-content\/uploads\/2026\/04\/b2f0e864-7ad7-48fe-b053-e25c86346c64-200x300.jpg 200w, https:\/\/lovestory.live\/wp-content\/uploads\/2026\/04\/b2f0e864-7ad7-48fe-b053-e25c86346c64-768x1151.jpg 768w, https:\/\/lovestory.live\/wp-content\/uploads\/2026\/04\/b2f0e864-7ad7-48fe-b053-e25c86346c64-1025x1536.jpg 1025w, https:\/\/lovestory.live\/wp-content\/uploads\/2026\/04\/b2f0e864-7ad7-48fe-b053-e25c86346c64-1240x1859.jpg 1240w, https:\/\/lovestory.live\/wp-content\/uploads\/2026\/04\/b2f0e864-7ad7-48fe-b053-e25c86346c64-508x762.jpg 508w, https:\/\/lovestory.live\/wp-content\/uploads\/2026\/04\/b2f0e864-7ad7-48fe-b053-e25c86346c64.jpg 1326w\" sizes=\"auto, (max-width: 683px) 100vw, 683px\" \/><\/figure>\n\n\n\n<figure class=\"wp-block-image size-large\"><img loading=\"lazy\" decoding=\"async\" width=\"683\" height=\"1024\" data-id=\"598\" src=\"https:\/\/lovestory.live\/wp-content\/uploads\/2026\/04\/b7395bc2-4df6-4a40-9e65-ecf7b8c88ffa-683x1024.jpg\" alt=\"\" class=\"wp-image-598\" srcset=\"https:\/\/lovestory.live\/wp-content\/uploads\/2026\/04\/b7395bc2-4df6-4a40-9e65-ecf7b8c88ffa-683x1024.jpg 683w, https:\/\/lovestory.live\/wp-content\/uploads\/2026\/04\/b7395bc2-4df6-4a40-9e65-ecf7b8c88ffa-200x300.jpg 200w, https:\/\/lovestory.live\/wp-content\/uploads\/2026\/04\/b7395bc2-4df6-4a40-9e65-ecf7b8c88ffa-768x1151.jpg 768w, https:\/\/lovestory.live\/wp-content\/uploads\/2026\/04\/b7395bc2-4df6-4a40-9e65-ecf7b8c88ffa-1025x1536.jpg 1025w, https:\/\/lovestory.live\/wp-content\/uploads\/2026\/04\/b7395bc2-4df6-4a40-9e65-ecf7b8c88ffa-1240x1859.jpg 1240w, https:\/\/lovestory.live\/wp-content\/uploads\/2026\/04\/b7395bc2-4df6-4a40-9e65-ecf7b8c88ffa-508x762.jpg 508w, https:\/\/lovestory.live\/wp-content\/uploads\/2026\/04\/b7395bc2-4df6-4a40-9e65-ecf7b8c88ffa.jpg 1326w\" sizes=\"auto, (max-width: 683px) 100vw, 683px\" \/><\/figure>\n<\/figure>\n\n\n\n<figure class=\"wp-block-video\"><video height=\"656\" style=\"aspect-ratio: 480 \/ 656;\" width=\"480\" controls src=\"https:\/\/lovestory.live\/wp-content\/uploads\/2026\/04\/vanessa1.mp4\"><\/video><\/figure>\n\n\n\n<figure class=\"wp-block-video\"><video height=\"656\" style=\"aspect-ratio: 480 \/ 656;\" width=\"480\" controls src=\"https:\/\/lovestory.live\/wp-content\/uploads\/2026\/04\/vanessa2.mp4\"><\/video><\/figure>\n\n\n\n<p><\/p>\n\n\n\n<ul class=\"wp-block-social-links is-layout-flex wp-block-social-links-is-layout-flex\"><li class=\"wp-social-link wp-social-link-whatsapp  wp-block-social-link\"><a href=\"https:\/\/wa.me\/491638927863\" class=\"wp-block-social-link-anchor\"><svg width=\"24\" height=\"24\" viewBox=\"0 0 24 24\" version=\"1.1\" xmlns=\"http:\/\/www.w3.org\/2000\/svg\" aria-hidden=\"true\" focusable=\"false\"><path d=\"M 12.011719 2 C 6.5057187 2 2.0234844 6.478375 2.0214844 11.984375 C 2.0204844 13.744375 2.4814687 15.462563 3.3554688 16.976562 L 2 22 L 7.2324219 20.763672 C 8.6914219 21.559672 10.333859 21.977516 12.005859 21.978516 L 12.009766 21.978516 C 17.514766 21.978516 21.995047 17.499141 21.998047 11.994141 C 22.000047 9.3251406 20.962172 6.8157344 19.076172 4.9277344 C 17.190172 3.0407344 14.683719 2.001 12.011719 2 z M 12.009766 4 C 14.145766 4.001 16.153109 4.8337969 17.662109 6.3417969 C 19.171109 7.8517969 20.000047 9.8581875 19.998047 11.992188 C 19.996047 16.396187 16.413812 19.978516 12.007812 19.978516 C 10.674812 19.977516 9.3544062 19.642812 8.1914062 19.007812 L 7.5175781 18.640625 L 6.7734375 18.816406 L 4.8046875 19.28125 L 5.2851562 17.496094 L 5.5019531 16.695312 L 5.0878906 15.976562 C 4.3898906 14.768562 4.0204844 13.387375 4.0214844 11.984375 C 4.0234844 7.582375 7.6067656 4 12.009766 4 z M 8.4765625 7.375 C 8.3095625 7.375 8.0395469 7.4375 7.8105469 7.6875 C 7.5815469 7.9365 6.9355469 8.5395781 6.9355469 9.7675781 C 6.9355469 10.995578 7.8300781 12.182609 7.9550781 12.349609 C 8.0790781 12.515609 9.68175 15.115234 12.21875 16.115234 C 14.32675 16.946234 14.754891 16.782234 15.212891 16.740234 C 15.670891 16.699234 16.690438 16.137687 16.898438 15.554688 C 17.106437 14.971687 17.106922 14.470187 17.044922 14.367188 C 16.982922 14.263188 16.816406 14.201172 16.566406 14.076172 C 16.317406 13.951172 15.090328 13.348625 14.861328 13.265625 C 14.632328 13.182625 14.464828 13.140625 14.298828 13.390625 C 14.132828 13.640625 13.655766 14.201187 13.509766 14.367188 C 13.363766 14.534188 13.21875 14.556641 12.96875 14.431641 C 12.71875 14.305641 11.914938 14.041406 10.960938 13.191406 C 10.218937 12.530406 9.7182656 11.714844 9.5722656 11.464844 C 9.4272656 11.215844 9.5585938 11.079078 9.6835938 10.955078 C 9.7955938 10.843078 9.9316406 10.663578 10.056641 10.517578 C 10.180641 10.371578 10.223641 10.267562 10.306641 10.101562 C 10.389641 9.9355625 10.347156 9.7890625 10.285156 9.6640625 C 10.223156 9.5390625 9.737625 8.3065 9.515625 7.8125 C 9.328625 7.3975 9.131125 7.3878594 8.953125 7.3808594 C 8.808125 7.3748594 8.6425625 7.375 8.4765625 7.375 z\"><\/path><\/svg><span class=\"wp-block-social-link-label screen-reader-text\">WhatsApp<\/span><\/a><\/li>\n\n<\/ul>\n\n\n\t<div id=\"respond\" class=\"comment-respond wp-block-post-comments-form\">\n\t\t<h3 id=\"reply-title\" class=\"comment-reply-title\">Leave a Reply <small><a rel=\"nofollow\" id=\"cancel-comment-reply-link\" href=\"\/index.php?rest_route=%2Fwp%2Fv2%2Fpages%2F592#respond\" style=\"display:none;\">Cancel reply<\/a><\/small><\/h3><form action=\"https:\/\/lovestory.live\/wp-comments-post.php\" method=\"post\" id=\"commentform\" class=\"comment-form\"><p class=\"comment-notes\"><span id=\"email-notes\">Your email address will not be published.<\/span> <span class=\"required-field-message\">Required fields are marked <span class=\"required\">*<\/span><\/span><\/p><p class=\"comment-form-comment\"><label for=\"comment\">Comment <span class=\"required\">*<\/span><\/label> <textarea id=\"comment\" name=\"comment\" cols=\"45\" rows=\"8\" maxlength=\"65525\" required=\"required\"><\/textarea><\/p><p class=\"comment-form-author\"><label for=\"author\">Name<\/label> <input id=\"author\" name=\"author\" type=\"text\" value=\"\" size=\"30\" maxlength=\"245\" autocomplete=\"name\" \/><\/p>\n<p class=\"comment-form-email\"><label for=\"email\">Email<\/label> <input id=\"email\" name=\"email\" type=\"text\" value=\"\" size=\"30\" maxlength=\"100\" aria-describedby=\"email-notes\" autocomplete=\"email\" \/><\/p>\n<p class=\"comment-form-url\"><label for=\"url\">Website<\/label> <input id=\"url\" name=\"url\" type=\"text\" value=\"\" size=\"30\" maxlength=\"200\" autocomplete=\"url\" \/><\/p>\n<p class=\"comment-form-cookies-consent\"><input id=\"wp-comment-cookies-consent\" name=\"wp-comment-cookies-consent\" type=\"checkbox\" value=\"yes\" \/> <label for=\"wp-comment-cookies-consent\">Save my name, email, and website in this browser for the next time I comment.<\/label><\/p>\n<p class=\"form-submit\"><input name=\"submit\" type=\"submit\" id=\"submit\" class=\"submit\" value=\"Post Comment\" \/> <input type='hidden' name='comment_post_ID' value='592' id='comment_post_ID' \/>\n<input type='hidden' name='comment_parent' id='comment_parent' value='0' \/>\n<\/p><\/form>\t<\/div><!-- #respond -->\n\t\n\n\n<div class=\"wp-block-comments\"><h2 id=\"comments\" class=\"wp-block-comments-title\">One response to &#8220;VANESSA&#8221;<\/h2>\n\n<ol class=\"wp-block-comment-template\"><li id=\"comment-69\" class=\"comment byuser comment-author-eliasartista bypostauthor even thread-even depth-1\">\n\n<div class=\"wp-block-columns is-layout-flex wp-container-core-columns-is-layout-9d6595d7 wp-block-columns-is-layout-flex\">\n<div class=\"wp-block-column is-layout-flow wp-block-column-is-layout-flow\" style=\"flex-basis:40px\"><div class=\"wp-block-avatar\"><img alt='Stier74 Avatar' src='https:\/\/secure.gravatar.com\/avatar\/a8caccfdc7a2d3602d3e96fdf59f436c36d7c53b947d516f51f0c6644ccba79e?s=40&#038;d=mm&#038;r=g' srcset='https:\/\/secure.gravatar.com\/avatar\/a8caccfdc7a2d3602d3e96fdf59f436c36d7c53b947d516f51f0c6644ccba79e?s=80&#038;d=mm&#038;r=g 2x' class='avatar avatar-40 photo wp-block-avatar__image' height='40' width='40'  style=\"border-radius:20px;\"\/><\/div><\/div>\n\n\n\n<div class=\"wp-block-column is-layout-flow wp-block-column-is-layout-flow\"><div class=\"wp-block-comment-author-name has-small-font-size\">Stier74<\/div>\n\n\n<div class=\"wp-block-group is-layout-flex wp-block-group-is-layout-flex\" style=\"margin-top:0px;margin-bottom:0px\"><div class=\"wp-block-comment-date has-small-font-size\"><time datetime=\"2026-04-08T13:48:41+00:00\"><a href=\"https:\/\/lovestory.live\/?page_id=592#comment-69\">April 8, 2026<\/a><\/time><\/div>\n\n<\/div>\n\n\n<div class=\"wp-block-comment-content\"><p>Hallo war heute nachmittag bei Vanessa  was f\u00fcr eine sexy h\u00fcbsche Frau ,sie sieht j\u00fcnger aus als auf den Bildern. Der Sex war Geil mit viel leidenschaftlich so wie ich es mag, hoffe sie kommt noch \u00f6fters. Klare Empfehlung!<\/p>\n<\/div>\n\n<div class=\"wp-block-comment-reply-link has-small-font-size\"><a rel=\"nofollow\" class=\"comment-reply-link\" href=\"https:\/\/lovestory.live\/?page_id=592&#038;replytocom=69#respond\" data-commentid=\"69\" data-postid=\"592\" data-belowelement=\"comment-69\" data-respondelement=\"respond\" data-replyto=\"Reply to Stier74\" aria-label=\"Reply to Stier74\">Reply<\/a><\/div><\/div>\n<\/div>\n\n<\/li><\/ol>\n\n\n\n\t<div id=\"respond\" class=\"comment-respond wp-block-post-comments-form\">\n\t\t<h3 id=\"reply-title\" class=\"comment-reply-title\">Leave a Reply <small><a rel=\"nofollow\" id=\"cancel-comment-reply-link\" href=\"\/index.php?rest_route=%2Fwp%2Fv2%2Fpages%2F592#respond\" style=\"display:none;\">Cancel reply<\/a><\/small><\/h3><form action=\"https:\/\/lovestory.live\/wp-comments-post.php\" method=\"post\" id=\"commentform\" class=\"comment-form\"><p class=\"comment-notes\"><span id=\"email-notes\">Your email address will not be published.<\/span> <span class=\"required-field-message\">Required fields are marked <span class=\"required\">*<\/span><\/span><\/p><p class=\"comment-form-comment\"><label for=\"comment\">Comment <span class=\"required\">*<\/span><\/label> <textarea id=\"comment\" name=\"comment\" cols=\"45\" rows=\"8\" maxlength=\"65525\" required=\"required\"><\/textarea><\/p><p class=\"comment-form-author\"><label for=\"author\">Name<\/label> <input id=\"author\" name=\"author\" type=\"text\" value=\"\" size=\"30\" maxlength=\"245\" autocomplete=\"name\" \/><\/p>\n<p class=\"comment-form-email\"><label for=\"email\">Email<\/label> <input id=\"email\" name=\"email\" type=\"text\" value=\"\" size=\"30\" maxlength=\"100\" aria-describedby=\"email-notes\" autocomplete=\"email\" \/><\/p>\n<p class=\"comment-form-url\"><label for=\"url\">Website<\/label> <input id=\"url\" name=\"url\" type=\"text\" value=\"\" size=\"30\" maxlength=\"200\" autocomplete=\"url\" \/><\/p>\n<p class=\"comment-form-cookies-consent\"><input id=\"wp-comment-cookies-consent\" name=\"wp-comment-cookies-consent\" type=\"checkbox\" value=\"yes\" \/> <label for=\"wp-comment-cookies-consent\">Save my name, email, and website in this browser for the next time I comment.<\/label><\/p>\n<p class=\"form-submit\"><input name=\"submit\" type=\"submit\" id=\"submit\" class=\"submit\" value=\"Post Comment\" \/> <input type='hidden' name='comment_post_ID' value='592' id='comment_post_ID' \/>\n<input type='hidden' name='comment_parent' id='comment_parent' value='0' \/>\n<\/p><\/form>\t<\/div><!-- #respond -->\n\t<\/div>\n","protected":false},"excerpt":{"rendered":"<p>Vanessa\u00dcber frivole Komplimente am Badestrand freut sich diese hei\u00dfe Blondine immer selbstbewusst mit einem charmanten L\u00e4cheln. Vanessa massiert voller Leidenschaft und Hingabe, w\u00e4hrend sie gespannt jede Regung beobachtet und die Lust genie\u00dft. Alter: 35 JahreGr\u00f6\u00dfe: 1,65Oberweite: 60AKonfektion: 32Herkunft: Lettland Vanessa Massagen: Body to Body, Lingam, Nuru Gel, Tantra<\/p>\n","protected":false},"author":1,"featured_media":0,"parent":0,"menu_order":0,"comment_status":"open","ping_status":"closed","template":"","meta":{"footnotes":""},"class_list":["post-592","page","type-page","status-publish","hentry"],"_links":{"self":[{"href":"https:\/\/lovestory.live\/index.php?rest_route=\/wp\/v2\/pages\/592","targetHints":{"allow":["GET"]}}],"collection":[{"href":"https:\/\/lovestory.live\/index.php?rest_route=\/wp\/v2\/pages"}],"about":[{"href":"https:\/\/lovestory.live\/index.php?rest_route=\/wp\/v2\/types\/page"}],"author":[{"embeddable":true,"href":"https:\/\/lovestory.live\/index.php?rest_route=\/wp\/v2\/users\/1"}],"replies":[{"embeddable":true,"href":"https:\/\/lovestory.live\/index.php?rest_route=%2Fwp%2Fv2%2Fcomments&post=592"}],"version-history":[{"count":1,"href":"https:\/\/lovestory.live\/index.php?rest_route=\/wp\/v2\/pages\/592\/revisions"}],"predecessor-version":[{"id":602,"href":"https:\/\/lovestory.live\/index.php?rest_route=\/wp\/v2\/pages\/592\/revisions\/602"}],"wp:attachment":[{"href":"https:\/\/lovestory.live\/index.php?rest_route=%2Fwp%2Fv2%2Fmedia&parent=592"}],"curies":[{"name":"wp","href":"https:\/\/api.w.org\/{rel}","templated":true}]}}